{"id":21,"date":"2021-11-03T08:38:36","date_gmt":"2021-11-03T08:38:36","guid":{"rendered":"https:\/\/nuranu.com\/?page_id=21"},"modified":"2022-01-09T11:00:42","modified_gmt":"2022-01-09T11:00:42","slug":"faq","status":"publish","type":"page","link":"https:\/\/nuranu.com\/pl\/faq\/","title":{"rendered":"Najcz\u0119\u015bciej zadawane pytania"},"content":{"rendered":"<style type=\"text\/css\" data-created_by=\"avia_inline_auto\" id=\"style-css-av-ky75an8w-ab9023abb4e1b87a59f663f5dbb75259\">\n.avia-section.av-ky75an8w-ab9023abb4e1b87a59f663f5dbb75259{\nbackground-repeat:no-repeat;\nbackground-image:url(https:\/\/nuranu.com\/wp-content\/uploads\/2022\/01\/FAQ.jpg);\nbackground-position:50% 100%;\nbackground-attachment:scroll;\n}\n.avia-section.av-ky75an8w-ab9023abb4e1b87a59f663f5dbb75259 .av-section-color-overlay{\nopacity:0.4;\nbackground-color:#000000;\n}\n<\/style>\n<div id='av_section_1'  class='avia-section av-ky75an8w-ab9023abb4e1b87a59f663f5dbb75259 main_color avia-section-default avia-no-border-styling  avia-builder-el-0  el_before_av_one_full  avia-builder-el-first  avia-full-stretch avia-bg-style-scroll av-section-color-overlay-active  av-minimum-height av-minimum-height-30  container_wrap sidebar_right'  data-section-bg-repeat='stretch' data-av_minimum_height_pc='30'><div class='av-section-color-overlay-wrap'><div class=\"av-section-color-overlay\"><\/div><div class='container av-section-cont-open' ><main  role=\"main\" itemprop=\"mainContentOfPage\"  class='template-page content  av-content-small alpha units'><div class='post-entry post-entry-type-page post-entry-21'><div class='entry-content-wrapper clearfix'>\n<div class='flex_column av-av_one_full-a93934ecd89fbb8a9566d39e89cd3725 av_one_full  avia-builder-el-1  avia-builder-el-no-sibling  first flex_column_div'   ><style type=\"text\/css\" data-created_by=\"avia_inline_auto\" id=\"style-css-av-ky75a12c-abcb08622ea74faa4aece1325b144b7b\">\n.av_textblock_section.av-ky75a12c-abcb08622ea74faa4aece1325b144b7b .avia_textblock{\ncolor:#ffffff;\n}\n<\/style>\n<section  class='av_textblock_section av-ky75a12c-abcb08622ea74faa4aece1325b144b7b'  itemscope=\"itemscope\" itemtype=\"https:\/\/schema.org\/CreativeWork\" ><div class='avia_textblock av_inherit_color'  itemprop=\"text\" ><h1 style=\"text-align: center;\">FAQ<\/h1>\n<\/div><\/section><\/div><\/div><\/div><\/main><!-- close content main element --><\/div><\/div><\/div><div id='after_section_1'  class='main_color av_default_container_wrap container_wrap sidebar_right'  ><div class='container av-section-cont-open' ><div class='template-page content  av-content-small alpha units'><div class='post-entry post-entry-type-page post-entry-21'><div class='entry-content-wrapper clearfix'><div class='flex_column av-37r9-1f7ffd2479fc3d5f944d961e01aeb138 av_one_full  avia-builder-el-3  el_after_av_section  avia-builder-el-no-sibling  first flex_column_div'   ><p><section  class='av_textblock_section av-kvkqa4q2-7483c38a07852ad4aa1fadf71b19a92c'  itemscope=\"itemscope\" itemtype=\"https:\/\/schema.org\/CreativeWork\" ><div class='avia_textblock'  itemprop=\"text\" ><\/div><\/section><br \/>\n\n<style type=\"text\/css\" data-created_by=\"avia_inline_auto\" id=\"style-css-av-kvkqisnh-8e5e331670fbd92cd0e3a7c9490521f0\">\n#top .togglecontainer.av-kvkqisnh-8e5e331670fbd92cd0e3a7c9490521f0 p.toggler:not(.activeTitle):hover{\nbackground-color:#eeeeee;\n}\n#top .togglecontainer.av-kvkqisnh-8e5e331670fbd92cd0e3a7c9490521f0 p.toggler:not(.activeTitle):hover .toggle_icon, #top .togglecontainer.av-kvkqisnh-8e5e331670fbd92cd0e3a7c9490521f0 p.toggler:not(.activeTitle):hover .toggle_icon *{\nborder-color: !important;\n}\n#top .togglecontainer.av-kvkqisnh-8e5e331670fbd92cd0e3a7c9490521f0 p.toggler .toggle_icon{\ncolor:#aaaaaa;\nborder-color:#aaaaaa;\n}\n#top .togglecontainer.av-kvkqisnh-8e5e331670fbd92cd0e3a7c9490521f0 p.toggler .toggle_icon > span{\ncolor:#aaaaaa;\nborder-color:#aaaaaa;\n}\n<\/style>\n<div  class='togglecontainer av-kvkqisnh-8e5e331670fbd92cd0e3a7c9490521f0 av-elegant-toggle  avia-builder-el-5  el_after_av_textblock  avia-builder-el-last  toggle_close_all'  itemscope=\"itemscope\" itemtype=\"https:\/\/schema.org\/FAQPage\" ><section class='av_toggle_section av-kvq0kqx0-3fde377b30605b6eb2313203b70643de'  itemscope=\"itemscope\" itemprop=\"mainEntity\" itemtype=\"https:\/\/schema.org\/Question\" ><div role=\"tablist\" class=\"single_toggle\" data-tags=\"{Wszystko} \"  ><p data-fake-id='#toggle-id-1' class='toggler'  itemprop=\"name\"  role='tab' tabindex='0' aria-controls='toggle-id-1'>Q. Rozmiar wydruku r\u00f3\u017cni si\u0119 od rozmiaru zdj\u0119cia?<span class=\"toggle_icon\"><span class=\"vert_icon\"><\/span><span class=\"hor_icon\"><\/span><\/span><\/p><div id='toggle-id-1' class='toggle_wrap'   itemscope=\"itemscope\" itemprop=\"acceptedAnswer\" itemtype=\"https:\/\/schema.org\/Answer\" ><div class='toggle_content invers-color'  itemprop=\"text\" ><p>Cyfrowy druk termotransferowy jest metod\u0105 transferu w wysokiej temperaturze ponad 220 stopni, wi\u0119c tkanina zostanie skurczona. W\u0142\u00f3kniny typu spun lace zazwyczaj maj\u0105 szeroko\u015b\u0107 1,6 metra, kt\u00f3ra po transferze termicznym mo\u017ce wynosi\u0107 tylko oko\u0142o 1,54 metra. Stopie\u0144 skurczu r\u00f3\u017cnych tkanin b\u0119dzie r\u00f3\u017cny, a stopie\u0144 skurczu w kierunku osnowy i w\u0105tku r\u00f3wnie\u017c b\u0119dzie inny.<\/p>\n<\/div><\/div><\/div><\/section><section class='av_toggle_section av-kvq0mhad-a9dd2f604cf23ac31dc0b2c98b1855df'  itemscope=\"itemscope\" itemprop=\"mainEntity\" itemtype=\"https:\/\/schema.org\/Question\" ><div role=\"tablist\" class=\"single_toggle\" data-tags=\"{Wszystko} \"  ><p data-fake-id='#toggle-id-2' class='toggler'  itemprop=\"name\"  role='tab' tabindex='0' aria-controls='toggle-id-2'>P.Czy otrzymany materia\u0142 nie jest w dotyku taki sam jak pr\u00f3bka?<span class=\"toggle_icon\"><span class=\"vert_icon\"><\/span><span class=\"hor_icon\"><\/span><\/span><\/p><div id='toggle-id-2' class='toggle_wrap'   itemscope=\"itemscope\" itemprop=\"acceptedAnswer\" itemtype=\"https:\/\/schema.org\/Answer\" ><div class='toggle_content invers-color'  itemprop=\"text\" ><p>Po reakcji tkaniny w wysokiej temperaturze, dotyk d\u0142oni stanie si\u0119 nieco twardy, plusz zostanie sp\u0142aszczony, a zmarszczki r\u00f3wnie\u017c zostan\u0105 sp\u0142aszczone. Powy\u017csze zjawisko jest normalne i generalnie nie ma du\u017cej r\u00f3\u017cnicy w tej samej partii.<\/p>\n<\/div><\/div><\/div><\/section><section class='av_toggle_section av-kvq0n0u2-ab17690d076d916ad469a6e889620257'  itemscope=\"itemscope\" itemprop=\"mainEntity\" itemtype=\"https:\/\/schema.org\/Question\" ><div role=\"tablist\" class=\"single_toggle\" data-tags=\"{Wszystko} \"  ><p data-fake-id='#toggle-id-3' class='toggler'  itemprop=\"name\"  role='tab' tabindex='0' aria-controls='toggle-id-3'>P. Martwisz si\u0119 s\u0142abym efektem drukowania na tkaninie?<span class=\"toggle_icon\"><span class=\"vert_icon\"><\/span><span class=\"hor_icon\"><\/span><\/span><\/p><div id='toggle-id-3' class='toggle_wrap'   itemscope=\"itemscope\" itemprop=\"acceptedAnswer\" itemtype=\"https:\/\/schema.org\/Answer\" ><div class='toggle_content invers-color'  itemprop=\"text\" ><p>Je\u015bli obawiasz si\u0119 r\u00f3\u017cnicy w rozdzielczo\u015bci komputera i kolorze tkaniny, mo\u017cesz najpierw wydrukowa\u0107 pr\u00f3bk\u0119. Projektant wydrukuje pr\u00f3bk\u0119 tkaniny A4 zgodnie z rysunkiem projektowym. Mo\u017cna j\u0105 te\u017c por\u00f3wna\u0107 na podstawie pr\u00f3bek dostarczonych przez klient\u00f3w.<\/p>\n<\/div><\/div><\/div><\/section><section class='av_toggle_section av-kvq0ns4h-1b327ec091edf4aa2a30c14e5657a92d'  itemscope=\"itemscope\" itemprop=\"mainEntity\" itemtype=\"https:\/\/schema.org\/Question\" ><div role=\"tablist\" class=\"single_toggle\" data-tags=\"{Wszystko} \"  ><p data-fake-id='#toggle-id-4' class='toggler'  itemprop=\"name\"  role='tab' tabindex='0' aria-controls='toggle-id-4'>P.Czy za proofing pobierana jest op\u0142ata?<span class=\"toggle_icon\"><span class=\"vert_icon\"><\/span><span class=\"hor_icon\"><\/span><\/span><\/p><div id='toggle-id-4' class='toggle_wrap'   itemscope=\"itemscope\" itemprop=\"acceptedAnswer\" itemtype=\"https:\/\/schema.org\/Answer\" ><div class='toggle_content invers-color'  itemprop=\"text\" ><p>Pr\u00f3bka A4 jest bezp\u0142atna, je\u015bli chcesz uzyska\u0107 pr\u00f3bk\u0119 licznika do testowania maszyny, zostanie naliczona pewna op\u0142ata. Je\u015bli istniej\u0105 podobne pr\u00f3bki, mo\u017cna dostarczy\u0107 bezp\u0142atne pr\u00f3bki.<\/p>\n<\/div><\/div><\/div><\/section><section class='av_toggle_section av-kvq0ogg6-769d1f425468ba0ef81b67775fb7c130'  itemscope=\"itemscope\" itemprop=\"mainEntity\" itemtype=\"https:\/\/schema.org\/Question\" ><div role=\"tablist\" class=\"single_toggle\" data-tags=\"{Wszystko} \"  ><p data-fake-id='#toggle-id-5' class='toggler'  itemprop=\"name\"  role='tab' tabindex='0' aria-controls='toggle-id-5'>Q. Jak d\u0142ugo trwa dostawa towar\u00f3w po z\u0142o\u017ceniu zam\u00f3wienia?<span class=\"toggle_icon\"><span class=\"vert_icon\"><\/span><span class=\"hor_icon\"><\/span><\/span><\/p><div id='toggle-id-5' class='toggle_wrap'   itemscope=\"itemscope\" itemprop=\"acceptedAnswer\" itemtype=\"https:\/\/schema.org\/Answer\" ><div class='toggle_content invers-color'  itemprop=\"text\" ><p>Zwykle pr\u00f3bki tkanin A4 (pr\u00f3bki metrowe) mog\u0105 by\u0107 wykonane tego samego dnia, w kt\u00f3rym otrzymano pr\u00f3bki lub projekty. Je\u015bli pr\u00f3bki musz\u0105 zosta\u0107 poci\u0119te na ma\u0142e pr\u00f3bki rolkowe do maszyn testuj\u0105cych, zwykle zostan\u0105 one dostarczone w ci\u0105gu 2-3 dni po potwierdzeniu pr\u00f3bek. Druk cyfrowy jest zazwyczaj wykonywany w ci\u0105gu 3-4 dni od z\u0142o\u017cenia zam\u00f3wienia. Druk otwierany jest zwykle wykonywany w ci\u0105gu 3-5 dni w zale\u017cno\u015bci od liczby projekt\u00f3w.<\/p>\n<\/div><\/div><\/div><\/section><section class='av_toggle_section av-kvq0p3xp-8fbd8b794bb031dadf8f56c381e2865a'  itemscope=\"itemscope\" itemprop=\"mainEntity\" itemtype=\"https:\/\/schema.org\/Question\" ><div role=\"tablist\" class=\"single_toggle\" data-tags=\"{Wszystko} \"  ><p data-fake-id='#toggle-id-6' class='toggler'  itemprop=\"name\"  role='tab' tabindex='0' aria-controls='toggle-id-6'>Q. Czy w\u0142\u00f3knina z nadrukiem cyfrowym mo\u017ce zosta\u0107 zwr\u00f3cona lub wymieniona?<span class=\"toggle_icon\"><span class=\"vert_icon\"><\/span><span class=\"hor_icon\"><\/span><\/span><\/p><div id='toggle-id-6' class='toggle_wrap'   itemscope=\"itemscope\" itemprop=\"acceptedAnswer\" itemtype=\"https:\/\/schema.org\/Answer\" ><div class='toggle_content invers-color'  itemprop=\"text\" ><p>Drukowanie jest procesem przetwarzania ko\u0144cowego, czasami wyst\u0119puj\u0105 ma\u0142e kropki atramentu, ma\u0142e ko\u0144ce nici s\u0105 nieuniknione, a na r\u00f3\u017cnic\u0119 kolor\u00f3w ma wp\u0142yw wysoka temperatura, co nie stanowi problemu jako\u015bciowego. Problemy z jako\u015bci\u0105, takie jak zaginanie druku, zdrapywanie atramentu itp. kt\u00f3re mo\u017cna ponownie wydrukowa\u0107.<\/p>\n<\/div><\/div><\/div><\/section><section class='av_toggle_section av-kvq0vm6v-d9ab692dd1b454eee7434646299eb5bc'  itemscope=\"itemscope\" itemprop=\"mainEntity\" itemtype=\"https:\/\/schema.org\/Question\" ><div role=\"tablist\" class=\"single_toggle\" data-tags=\"{Wszystko} \"  ><p data-fake-id='#toggle-id-7' class='toggler'  itemprop=\"name\"  role='tab' tabindex='0' aria-controls='toggle-id-7'>P: Jaka jest efektywna szeroko\u015b\u0107 zadrukowanych rolek w\u0142\u00f3kniny?<span class=\"toggle_icon\"><span class=\"vert_icon\"><\/span><span class=\"hor_icon\"><\/span><\/span><\/p><div id='toggle-id-7' class='toggle_wrap'   itemscope=\"itemscope\" itemprop=\"acceptedAnswer\" itemtype=\"https:\/\/schema.org\/Answer\" ><div class='toggle_content invers-color'  itemprop=\"text\" ><p>Drukowane w\u0142\u00f3kniny rolkowe, takie jak tkanina typu spunlace z nadrukiem, o szeroko\u015bci 1,6 metra s\u0105 zwykle u\u017cywane, a efektywna szeroko\u015b\u0107 wynosi 1,54 metra, a szeroko\u015b\u0107 odnosi si\u0119 do kierunku szeroko\u015bci tkaniny.<\/p>\n<\/div><\/div><\/div><\/section><section class='av_toggle_section av-kvq0ychh-25a9462ae6a2f9ef176a502926235ad3'  itemscope=\"itemscope\" itemprop=\"mainEntity\" itemtype=\"https:\/\/schema.org\/Question\" ><div role=\"tablist\" class=\"single_toggle\" data-tags=\"{Wszystko} \"  ><p data-fake-id='#toggle-id-8' class='toggler'  itemprop=\"name\"  role='tab' tabindex='0' aria-controls='toggle-id-8'>P.Jakie s\u0105 wymagania dotycz\u0105ce dostarczania szkic\u00f3w projektowych?<span class=\"toggle_icon\"><span class=\"vert_icon\"><\/span><span class=\"hor_icon\"><\/span><\/span><\/p><div id='toggle-id-8' class='toggle_wrap'   itemscope=\"itemscope\" itemprop=\"acceptedAnswer\" itemtype=\"https:\/\/schema.org\/Answer\" ><div class='toggle_content invers-color'  itemprop=\"text\" ><p>Je\u015bli jest to schemat cyklu, nale\u017cy poda\u0107 cykl jednostkowy lub schemat wi\u0119kszy ni\u017c cykl jednostkowy; je\u015bli jest to schemat pozycjonowania, nale\u017cy poda\u0107 szeroko\u015b\u0107 ci\u0119cia wzd\u0142u\u017cnego i wymagania dotycz\u0105ce przedniego owijania maski (jak pokazano na poni\u017cszym rysunku) lub odwrotnego owijania, aby\u015bmy mogli wykona\u0107 pozycjonowanie w podczerwieni po rozci\u0119ciu uk\u0142adu komputerowego i okre\u015bleniu kierunku walcowania;<\/p>\n<\/div><\/div><\/div><\/section><section class='av_toggle_section av-kvq10c5a-b0fd4622af8c6d56ec056b51fdb98260'  itemscope=\"itemscope\" itemprop=\"mainEntity\" itemtype=\"https:\/\/schema.org\/Question\" ><div role=\"tablist\" class=\"single_toggle\" data-tags=\"{Wszystko} \"  ><p data-fake-id='#toggle-id-9' class='toggler'  itemprop=\"name\"  role='tab' tabindex='0' aria-controls='toggle-id-9'>P: Czy drukowana w\u0142\u00f3knina mo\u017ce by\u0107 zaprojektowana bezpo\u015brednio zgodnie z rzeczywist\u0105 mask\u0105?<span class=\"toggle_icon\"><span class=\"vert_icon\"><\/span><span class=\"hor_icon\"><\/span><\/span><\/p><div id='toggle-id-9' class='toggle_wrap'   itemscope=\"itemscope\" itemprop=\"acceptedAnswer\" itemtype=\"https:\/\/schema.org\/Answer\" ><div class='toggle_content invers-color'  itemprop=\"text\" ><p>Oczywi\u015bcie, je\u015bli jest to maska, nale\u017cy dostarczy\u0107 gotow\u0105 mask\u0119, aby\u015bmy mogli zmierzy\u0107 d\u0142ugo\u015b\u0107 i szeroko\u015b\u0107 maski dla uk\u0142adu komputerowego, a nast\u0119pnie por\u00f3wna\u0107 efekt tkaniny.<\/p>\n<\/div><\/div><\/div><\/section><\/div><\/p><\/div><\/p>","protected":false},"excerpt":{"rendered":"","protected":false},"author":1,"featured_media":0,"parent":0,"menu_order":0,"comment_status":"closed","ping_status":"closed","template":"","meta":{"footnotes":""},"class_list":["post-21","page","type-page","status-publish","hentry"],"yoast_head":"<!-- This site is optimized with the Yoast SEO Premium plugin v26.2 (Yoast SEO v26.6) - https:\/\/yoast.com\/wordpress\/plugins\/seo\/ -->\n<title>FAQ - Nuranu<\/title>\n<meta name=\"robots\" content=\"index, follow, max-snippet:-1, max-image-preview:large, max-video-preview:-1\" \/>\n<link rel=\"canonical\" href=\"https:\/\/nuranu.com\/pl\/faq\/\" \/>\n<meta property=\"og:locale\" content=\"pl_PL\" \/>\n<meta property=\"og:type\" content=\"article\" \/>\n<meta property=\"og:title\" content=\"FAQ\" \/>\n<meta property=\"og:url\" content=\"https:\/\/nuranu.com\/pl\/faq\/\" \/>\n<meta property=\"og:site_name\" content=\"Nuranu\" \/>\n<meta property=\"article:modified_time\" content=\"2022-01-09T11:00:42+00:00\" \/>\n<meta name=\"twitter:card\" content=\"summary_large_image\" \/>\n<meta name=\"twitter:label1\" content=\"Szacowany czas czytania\" \/>\n\t<meta name=\"twitter:data1\" content=\"8 minut\" \/>\n<script type=\"application\/ld+json\" class=\"yoast-schema-graph\">{\"@context\":\"https:\/\/schema.org\",\"@graph\":[{\"@type\":\"WebPage\",\"@id\":\"https:\/\/nuranu.com\/it\/faq\/\",\"url\":\"https:\/\/nuranu.com\/it\/faq\/\",\"name\":\"FAQ - Nuranu\",\"isPartOf\":{\"@id\":\"https:\/\/nuranu.com\/#website\"},\"datePublished\":\"2021-11-03T08:38:36+00:00\",\"dateModified\":\"2022-01-09T11:00:42+00:00\",\"breadcrumb\":{\"@id\":\"https:\/\/nuranu.com\/it\/faq\/#breadcrumb\"},\"inLanguage\":\"pl-PL\",\"potentialAction\":[{\"@type\":\"ReadAction\",\"target\":[\"https:\/\/nuranu.com\/it\/faq\/\"]}]},{\"@type\":\"BreadcrumbList\",\"@id\":\"https:\/\/nuranu.com\/it\/faq\/#breadcrumb\",\"itemListElement\":[{\"@type\":\"ListItem\",\"position\":1,\"name\":\"Home\",\"item\":\"https:\/\/nuranu.com\/\"},{\"@type\":\"ListItem\",\"position\":2,\"name\":\"FAQ\"}]},{\"@type\":\"WebSite\",\"@id\":\"https:\/\/nuranu.com\/#website\",\"url\":\"https:\/\/nuranu.com\/\",\"name\":\"Nuranu\",\"description\":\"\",\"potentialAction\":[{\"@type\":\"SearchAction\",\"target\":{\"@type\":\"EntryPoint\",\"urlTemplate\":\"https:\/\/nuranu.com\/?s={search_term_string}\"},\"query-input\":{\"@type\":\"PropertyValueSpecification\",\"valueRequired\":true,\"valueName\":\"search_term_string\"}}],\"inLanguage\":\"pl-PL\"}]}<\/script>\n<!-- \/ Yoast SEO Premium plugin. -->","yoast_head_json":{"title":"FAQ - Nuranu","robots":{"index":"index","follow":"follow","max-snippet":"max-snippet:-1","max-image-preview":"max-image-preview:large","max-video-preview":"max-video-preview:-1"},"canonical":"https:\/\/nuranu.com\/pl\/faq\/","og_locale":"pl_PL","og_type":"article","og_title":"FAQ","og_url":"https:\/\/nuranu.com\/pl\/faq\/","og_site_name":"Nuranu","article_modified_time":"2022-01-09T11:00:42+00:00","twitter_card":"summary_large_image","twitter_misc":{"Szacowany czas czytania":"8 minut"},"schema":{"@context":"https:\/\/schema.org","@graph":[{"@type":"WebPage","@id":"https:\/\/nuranu.com\/it\/faq\/","url":"https:\/\/nuranu.com\/it\/faq\/","name":"FAQ - Nuranu","isPartOf":{"@id":"https:\/\/nuranu.com\/#website"},"datePublished":"2021-11-03T08:38:36+00:00","dateModified":"2022-01-09T11:00:42+00:00","breadcrumb":{"@id":"https:\/\/nuranu.com\/it\/faq\/#breadcrumb"},"inLanguage":"pl-PL","potentialAction":[{"@type":"ReadAction","target":["https:\/\/nuranu.com\/it\/faq\/"]}]},{"@type":"BreadcrumbList","@id":"https:\/\/nuranu.com\/it\/faq\/#breadcrumb","itemListElement":[{"@type":"ListItem","position":1,"name":"Home","item":"https:\/\/nuranu.com\/"},{"@type":"ListItem","position":2,"name":"FAQ"}]},{"@type":"WebSite","@id":"https:\/\/nuranu.com\/#website","url":"https:\/\/nuranu.com\/","name":"Nuranu","description":"","potentialAction":[{"@type":"SearchAction","target":{"@type":"EntryPoint","urlTemplate":"https:\/\/nuranu.com\/?s={search_term_string}"},"query-input":{"@type":"PropertyValueSpecification","valueRequired":true,"valueName":"search_term_string"}}],"inLanguage":"pl-PL"}]}},"_links":{"self":[{"href":"https:\/\/nuranu.com\/pl\/wp-json\/wp\/v2\/pages\/21","targetHints":{"allow":["GET"]}}],"collection":[{"href":"https:\/\/nuranu.com\/pl\/wp-json\/wp\/v2\/pages"}],"about":[{"href":"https:\/\/nuranu.com\/pl\/wp-json\/wp\/v2\/types\/page"}],"author":[{"embeddable":true,"href":"https:\/\/nuranu.com\/pl\/wp-json\/wp\/v2\/users\/1"}],"replies":[{"embeddable":true,"href":"https:\/\/nuranu.com\/pl\/wp-json\/wp\/v2\/comments?post=21"}],"version-history":[{"count":0,"href":"https:\/\/nuranu.com\/pl\/wp-json\/wp\/v2\/pages\/21\/revisions"}],"wp:attachment":[{"href":"https:\/\/nuranu.com\/pl\/wp-json\/wp\/v2\/media?parent=21"}],"curies":[{"name":"wp","href":"https:\/\/api.w.org\/{rel}","templated":true}]}}